{"id":204,"date":"2014-08-20T01:41:16","date_gmt":"2014-08-20T01:41:16","guid":{"rendered":"http:\/\/tellingthetruth.info\/recipearls\/?page_id=204"},"modified":"2014-11-19T14:05:29","modified_gmt":"2014-11-19T14:05:29","slug":"crepes-creme-brulee-flan","status":"publish","type":"page","link":"https:\/\/tellingthetruth.info\/recipearls\/desserts\/crepes-creme-brulee-flan\/","title":{"rendered":"~ Crepes, CremeBrulee"},"content":{"rendered":"<p><strong>CICI\u2019s CREPES\u00a0\u00a0 \u00a0\u00a0\u00a0 \u00a0\u00a0\u00a0 \u00a0(rev 10\/10)<\/strong><\/p>\n<p>MAKES:\u00a0\u00a0 \u00a08 crepes\u00a0\u00a0 \u00a04 crepes<\/p>\n<p>Flour \u00a0\u00a0 \u00a0\u00a0\u00a0 \u00a02 cups\u00a0\u00a0 \u00a0\u00a0\u00a0 \u00a01 cup<br \/>\nEggs\u00a0\u00a0 \u00a0\u00a0\u00a0 \u00a0 2\u00a0\u00a0 \u00a0\u00a0\u00a0 \u00a0\u00a0\u00a0\u00a0\u00a0\u00a0\u00a0\u00a0\u00a0 1<br \/>\nMilk\u00a0\u00a0 \u00a0\u00a0\u00a0 \u00a0\u00a0\u00a0 2 cups\u00a0\u00a0 \u00a0\u00a0\u00a0 \u00a01 cup<br \/>\nBro Sugar 1T\u00a0\u00a0 \u00a0\u00a0\u00a0 \u00a0\u00a0\u00a0\u00a0\u00a0\u00a0 1-1\/2 t<br \/>\nVanilla\u00a0\u00a0 \u00a0\u00a0\u00a0 1t\u00a0\u00a0 \u00a0\u00a0\u00a0 \u00a0\u00a0\u00a0\u00a0\u00a0\u00a0\u00a0 1 t<br \/>\nSalt\u00a0\u00a0 \u00a0\u00a0\u00a0 \u00a0\u00a0\u00a0\u00a0 \u00bc t\u00a0\u00a0 \u00a0\u00a0\u00a0 \u00a0\u00a0\u00a0 pinch<br \/>\nOil\u00a0\u00a0 \u00a0\u00a0\u00a0 \u00a0\u00a0\u00a0\u00a0\u00a0\u00a0 0\u00a0\u00a0 \u00a0\u00a0\u00a0 \u00a0\u00a0\u00a0\u00a0\u00a0\u00a0\u00a0\u00a0 0<\/p>\n<p>Put all ingredients in blender and process til smooth.<br \/>\nPreheat crepe pan or skillet<\/p>\n<p><strong>For<\/strong> <strong>CREPE PAN,<\/strong> pour batter into dish and dip pan into batter; turn upright. Put on burner. When crepe loses gloss, invert onto a plate<br \/>\n<strong>For SKILLET:<\/strong> Lightly grease non-stick Skillet, and pour 2 T batter into 6-7&#8243; skillet.\u00a0 Rotate pan til batter covers bottom.\u00a0 Bake til bubbles appear. Loosen edges and turn and bake other side.<\/p>\n<hr \/>\n<p><strong>CREPE BATTER\u00a0 (the EASY way)<br \/>\n(makes 2 crepes)<br \/>\n<\/strong><\/p>\n<p>1\/4 cup milk<br \/>\n2 Tbsp. beaten egg<br \/>\n3 Tbsp. pancake mix<\/p>\n<p>Mix well.\u00a0 On medium high, heat a non stick skillet, spray with nonstick cooking spray.<br \/>\nPour half the batter into center of skillet.<br \/>\nLift and tilt the pan to evenly distribute the batter.<br \/>\nCook until top looks dry, turn and cook til golden brown underneath.\u00a0 Remove to wire rack or plate.<br \/>\nMake the second one the same way.<\/p>\n<hr \/>\n<p><strong>FRUITY DESSERT CREPES FOR TWO \u00a0\u00a0\u00a0 \u00a0<\/strong><\/p>\n<p>Prepare fruit in a small bowl first:<br \/>\n1\/2 banana, sliced small<br \/>\n4 fresh strawberries, sliced small sweetened with a bit of sugar<br \/>\n1 kiwi fruit peeled and sliced small and\/or 6 mandarin orange slices<br \/>\n1 snack size cup (3 1\/2 ounces) tapioca or vanilla pudding<br \/>\n1\/8 tsp almond extract mixed into pudding<br \/>\nHave ready:\u00a0 2 Tbsp. flaked coconut (optional)<br \/>\nSmall can of ReddiWhip whipped cream (in a can.)<br \/>\nHersheys chocolate syrup in squeeze bottle<br \/>\n2 ready to eat crepes\u00a0 (for homemade, see recipes below)<\/p>\n<p>Place a crepe on two different serving plates.<br \/>\nPut a stripe of pudding mixture across the center (from side to side).<br \/>\nSprinkle with coconut, spoon the fruit pieces on top<br \/>\nThen squirt a stripe of whipped cream down the center.<br \/>\nFold the crepe into thirds and sprinkle a few pieces of fruit on top.<br \/>\nSquirt some stripes of chocolate over a few times.<br \/>\nServe.<\/p>\n<hr \/>\n<p><strong>EASY DIVINE CR\u00c8ME BRULEE\u00a0<\/strong><br \/>\nMakes (4) 1\/2 cup servings.<\/p>\n<p>2 c heavy whipping cream<br \/>\n5 egg yolks<br \/>\n\u00bd c sugar<br \/>\n1 T vanilla<br \/>\npinch of salt<\/p>\n<p>Preheat oven to 275\u00b0.<\/p>\n<p>By hand, whisk egg yolks till well blended; add sugar and blend; Add vanilla and cream. Whisk til creamy. Don\u2019t need to use mixer.<br \/>\nPour about \u00bd cup of mixture into (4) 7 oz size ramekins or cr\u00e8me brulee bowls.<br \/>\nPlace all these in a baking pan (9 x 13\u2014or something similar&#8211;depends on the size bowls\/ramekins used).<br \/>\nPlace pan on oven door and pour boiling water in pan around bowls til it reaches about half way up the sides of bowls. Very CAREFULLY place pan in oven\u2014don\u2019t let water get in bowls!<\/p>\n<p>Bake for 45 to 60 min, depending on depth of brulee in dishes.<br \/>\nWhen using very shallow dishes, with the custard less than 1 inch deep, bake for about 30 min.<br \/>\nWhen bowls are narrower and taller, with the custard about 2 inches deep, bake for 50-60 min.<\/p>\n<p>When done, the brulee will be quite wobbly; it should jiggle from side to side when nudged.<br \/>\nHowever, it should NOT be liquid in the center. It will be barely set, but not liquid.<br \/>\nThe custard will firm up considerably in the refrigerator, so take it out of the oven when it has set into that very-jiggly-not-liquid consistency.<\/p>\n<p>Remove bowls from pan and let cool for 15 min; then refrigerate. Good to chill overnight.<\/p>\n<p>See Instructions below for 2 ways to carmelize a top crust\u2026broiling is far easier and tastes just as good!<\/p>\n<p><strong>CARMELIZING CRUST BY BROILING:<\/strong><\/p>\n<p>Move oven top rack to highest notch and turn on oven to Broil setting. Leave oven door slightly ajar.<br \/>\nWhen ready to make the sugar crust, take the bowls\/ramekins out of the refrigerator and dab their tops dry of any moisture or condensation.<br \/>\nSprinkle a fine layer of sugar (2-1\/2 T) over their tops, then shake them back and forth to distribute sugar evenly. Tap out any excess sugar. You should be able to almost see the custard through the thin layer of sugar.<br \/>\nPlace the ramekins on a cookie sheet and Broil for 2-3 minutes with door slightly ajar&#8211;rotating so that they broil evenly. WATCH them-they burn easily<br \/>\nRemove from oven when the crusts are golden brown and bubbling.<\/p>\n<p>Traditionally, cr\u00e8me br\u00fbl\u00e9e is served cold.<br \/>\nIf you like it cold, place the ramekins back in the refrigerator and refrigerate for about 30 to 45 min.&#8211;any longer and the sugar crust may soften.<br \/>\nIf you like them lukewarm, serve them after the sugar has set (about 5 min.)<\/p>\n<hr \/>\n<p><strong>CARMELIZING CRUST BY TORCHING:<\/strong><\/p>\n<p>It isn&#8217;t easy. If I had a dollar for every one I burned, I&#8217;d be halfway to retirement by now. Be sure to use plenty of sugar. If you had a 4 inch wide ramekin, I would use probably nearly 2 1\/2 Tablespoons of sugar. Enough that when you angle the ramekin above 45 degrees, you would have some sugar sliding around.<\/p>\n<p>When torching, pick up the ramekin and hold it in the palm of your hand. Now turn your hand so the ramekin is sitting at a 45 degree angle on a wood cutting board. The weight should mostly be on the cutting board. Rotating your fingers, start spinning the ramekin back and forth along the cutting board and torch the top side.<\/p>\n<p>Now, you may burn yourself. Resting it on the cutting board means that if you drop it, it won&#8217;t fall wrong-side-down or break. Be sure to grip the back side and don&#8217;t let your fingers creep to far forward.<br \/>\nAs you work the ramekin around, you will watch the sugar turn to liquid and slide around. Keep going until you get the coverage you desire. There will be lighter bits and darker bits, don&#8217;t keep yourself fixated on achieving the perfect golden brown, it&#8217;s nearly impossible.<\/p>\n<p>That is the way I did it, with LOTS of practice. If that seems too daunting (fair warning- I did burn myself a lot) then simply keep the torch a great enough distance away. Keep the top of the ramekin about one inch into the flame. Don&#8217;t hold the torch too close and just move slow. It will take longer, but it&#8217;s easier.<\/p>\n<p>A lot of professionals use a broiler to do this as well. If you&#8217;d like to try it, put the ramekin on the top rack of your oven, keep your eye on it (it can burn fast!) and rotate it with tongs on occasion to avoid any hot spots.<\/p>\n<p>By Kim Workman (Martha\u2019s daughter who is a professional cook)<\/p>\n<hr \/>\n<p>&nbsp;<\/p>\n<p>&nbsp;<\/p>\n","protected":false},"excerpt":{"rendered":"<p>CICI\u2019s CREPES\u00a0\u00a0 \u00a0\u00a0\u00a0 \u00a0\u00a0\u00a0 \u00a0(rev 10\/10) MAKES:\u00a0\u00a0 \u00a08 crepes\u00a0\u00a0 \u00a04 crepes Flour \u00a0\u00a0 \u00a0\u00a0\u00a0 \u00a02 cups\u00a0\u00a0 \u00a0\u00a0\u00a0 \u00a01 cup Eggs\u00a0\u00a0 \u00a0\u00a0\u00a0 \u00a0 2\u00a0\u00a0 \u00a0\u00a0\u00a0 \u00a0\u00a0\u00a0\u00a0\u00a0\u00a0\u00a0\u00a0\u00a0 1 Milk\u00a0\u00a0 \u00a0\u00a0\u00a0 \u00a0\u00a0\u00a0 2 cups\u00a0\u00a0 \u00a0\u00a0\u00a0 \u00a01 cup Bro Sugar 1T\u00a0\u00a0 \u00a0\u00a0\u00a0 \u00a0\u00a0\u00a0\u00a0\u00a0\u00a0 1-1\/2 t Vanilla\u00a0\u00a0 \u00a0\u00a0\u00a0 1t\u00a0\u00a0 \u00a0\u00a0\u00a0 \u00a0\u00a0\u00a0\u00a0\u00a0\u00a0\u00a0 1 t Salt\u00a0\u00a0 \u00a0\u00a0\u00a0 \u00a0\u00a0\u00a0\u00a0 \u00bc t\u00a0\u00a0 \u00a0\u00a0\u00a0 \u00a0\u00a0\u00a0 [&hellip;]<\/p>\n","protected":false},"author":1,"featured_media":0,"parent":61,"menu_order":0,"comment_status":"closed","ping_status":"closed","template":"","meta":{"footnotes":""},"class_list":["post-204","page","type-page","status-publish","hentry"],"_links":{"self":[{"href":"https:\/\/tellingthetruth.info\/recipearls\/wp-json\/wp\/v2\/pages\/204","targetHints":{"allow":["GET"]}}],"collection":[{"href":"https:\/\/tellingthetruth.info\/recipearls\/wp-json\/wp\/v2\/pages"}],"about":[{"href":"https:\/\/tellingthetruth.info\/recipearls\/wp-json\/wp\/v2\/types\/page"}],"author":[{"embeddable":true,"href":"https:\/\/tellingthetruth.info\/recipearls\/wp-json\/wp\/v2\/users\/1"}],"replies":[{"embeddable":true,"href":"https:\/\/tellingthetruth.info\/recipearls\/wp-json\/wp\/v2\/comments?post=204"}],"version-history":[{"count":11,"href":"https:\/\/tellingthetruth.info\/recipearls\/wp-json\/wp\/v2\/pages\/204\/revisions"}],"predecessor-version":[{"id":1274,"href":"https:\/\/tellingthetruth.info\/recipearls\/wp-json\/wp\/v2\/pages\/204\/revisions\/1274"}],"up":[{"embeddable":true,"href":"https:\/\/tellingthetruth.info\/recipearls\/wp-json\/wp\/v2\/pages\/61"}],"wp:attachment":[{"href":"https:\/\/tellingthetruth.info\/recipearls\/wp-json\/wp\/v2\/media?parent=204"}],"curies":[{"name":"wp","href":"https:\/\/api.w.org\/{rel}","templated":true}]}}